{"id":1188,"date":"2026-01-07T09:25:13","date_gmt":"2026-01-07T14:25:13","guid":{"rendered":"https:\/\/staging-portail.cgtsim.qc.ca\/nous-joindre\/"},"modified":"2026-03-17T15:49:40","modified_gmt":"2026-03-17T19:49:40","slug":"contact-us","status":"publish","type":"page","link":"https:\/\/staging-portail.cgtsim.qc.ca\/en\/contact-us\/","title":{"rendered":"Contact us"},"content":{"rendered":"<div class=\"item wysiwyg component-paragraph\"  ><div class=\"container\">\n<p>Our unique expertise in school tax allows us to support you at every step. Whether you have a question, need to report an issue, or require documents, our team is ready to assist you quickly and efficiently.<\/p>\n<\/div><\/div>\n\n<div class=\"item wysiwyg component-heading\"  ><div class=\"container\">\n<h2 class=\"wp-block-heading is-style-h4\"><strong>Customer Service<\/strong><\/h2>\n<\/div><\/div>\n\n<div class=\"item wysiwyg component-paragraph\"  ><div class=\"container\">\n<p>Our team is available to answer your questions and provide assistance from Monday to Friday, 8:00 a.m. to 4:00 p.m.<\/p>\n<\/div><\/div>\n\n\t<div class=\"item component-buttons\">\n\t\t<div class=\"container\">\n\t\t\t<div class=\"buttons-wrapper\">\n\t\t\t\t\t\t\t\t\t\t\t\t\t\t\t<a class=\"button  button--secondary button--light-bg\" href=\"https:\/\/staging-portail.cgtsim.qc.ca\/en\/message-customer-service\/\" >\n\t\t\t\t\t\t\t\t\t\t\t\t\t\t\t\t\t\t\t\t\t\t\t\t\t\t\t\t\t<span class=\"svg\">\n\t\t\t\t\t\t\t\t\t<svg width=\"19\" height=\"18\" aria-hidden=\"true\">\n\t\t\t\t\t\t\t\t\t\t<use xlink:href=\"#ico-clipboard-no-color\"><\/use>\n\t\t\t\t\t\t\t\t\t<\/svg>\n\t\t\t\t\t\t\t\t<\/span>\n\t\t\t\t\t\t\t\n\t\t\t\t\t\t\t<span>\n\t\t\t\t\t\t\t\tMessage Customer Service\n\t\t\t\t\t\t\t<\/span>\n\n\t\t\t\t\t\t\t\t\t\t\t\t\t<\/a>\n\t\t\t\t\t\t\t\t\t\t\t\t\t\t\t\t\t\t\t\t<a class=\"button  button--secondary button--light-bg\" href=\"#\" >\n\t\t\t\t\t\t\t\t\t\t\t\t\t\t\t\t\t\t\t\t\t\t\t\t\t\t\t\t\t<span class=\"svg\">\n\t\t\t\t\t\t\t\t\t<svg width=\"19\" height=\"18\" aria-hidden=\"true\">\n\t\t\t\t\t\t\t\t\t\t<use xlink:href=\"#ico-headset-no-color\"><\/use>\n\t\t\t\t\t\t\t\t\t<\/svg>\n\t\t\t\t\t\t\t\t<\/span>\n\t\t\t\t\t\t\t\n\t\t\t\t\t\t\t<span>\n\t\t\t\t\t\t\t\t514 384-5034\n\t\t\t\t\t\t\t<\/span>\n\n\t\t\t\t\t\t\t\t\t\t\t\t\t<\/a>\n\t\t\t\t\t\t\t\t\t\t\t\t<\/div>\n\t\t<\/div>\n\t<\/div>\n\n\n<div class=\"item wysiwyg component-heading\"  ><div class=\"container\">\n<h2 class=\"wp-block-heading is-style-h4\"><strong>Submit a request or report a change<\/strong><\/h2>\n<\/div><\/div>\n\n<div class=\"item wysiwyg component-paragraph\"  ><div class=\"container\">\n<p>Would you like to receive a school tax statement of account, report a change of mailing address, or authorize someone else to act on your behalf? <a href=\"https:\/\/staging-portail.cgtsim.qc.ca\/en\/submit-a-request-or-report-a-change\/\"><strong>Please refer to the available forms<\/strong><\/a>.<\/p>\n<\/div><\/div>\n\n<div class=\"item wysiwyg component-heading\"  ><div class=\"container\">\n<h2 class=\"wp-block-heading is-style-h4\"><strong>Head office<\/strong><\/h2>\n<\/div><\/div>\n\n<div class=\"item wysiwyg component-paragraph\"  ><div class=\"container\">\n<p><strong>Comit\u00e9 de gestion de la taxe scolaire de l\u2019\u00eele de Montr\u00e9al (CGTSIM)<\/strong><br>500, boulevard Cr\u00e9mazie Est, Montr\u00e9al (Qu\u00e9bec) H2P 1E7\u2028<\/p>\n<\/div><\/div>\n\n<div class=\"item wysiwyg component-paragraph\"  ><div class=\"container\">\n<p><em>* Please note that our office is closed to the public.<\/em><\/p>\n<\/div><\/div>\n\n\t<div class=\"item component-buttons\">\n\t\t<div class=\"container\">\n\t\t\t<div class=\"buttons-wrapper\">\n\t\t\t\t\t\t\t\t\t\t\t\t\t\t\t<a class=\"button  button--secondary button--light-bg\" href=\"https:\/\/staging-portail.cgtsim.qc.ca\/en\/message-the-cgtsim-general-information\/\" >\n\t\t\t\t\t\t\t\t\t\t\t\t\t\t\t\t\t\t\t\t\t\t\t\t\t\t\t\t\t<span class=\"svg\">\n\t\t\t\t\t\t\t\t\t<svg width=\"19\" height=\"18\" aria-hidden=\"true\">\n\t\t\t\t\t\t\t\t\t\t<use xlink:href=\"#ico-clipboard-no-color\"><\/use>\n\t\t\t\t\t\t\t\t\t<\/svg>\n\t\t\t\t\t\t\t\t<\/span>\n\t\t\t\t\t\t\t\n\t\t\t\t\t\t\t<span>\n\t\t\t\t\t\t\t\tMessage the CGTSIM (general information)\n\t\t\t\t\t\t\t<\/span>\n\n\t\t\t\t\t\t\t\t\t\t\t\t\t<\/a>\n\t\t\t\t\t\t\t\t\t\t\t\t\t\t\t\t\t\t\t\t<a class=\"button  button--secondary button--light-bg\" href=\"tel:+15143841830\" >\n\t\t\t\t\t\t\t\t\t\t\t\t\t\t\t\t\t\t\t\t\t\t\t\t\t\t\t\t\t<span class=\"svg\">\n\t\t\t\t\t\t\t\t\t<svg width=\"19\" height=\"18\" aria-hidden=\"true\">\n\t\t\t\t\t\t\t\t\t\t<use xlink:href=\"#ico-headset-no-color\"><\/use>\n\t\t\t\t\t\t\t\t\t<\/svg>\n\t\t\t\t\t\t\t\t<\/span>\n\t\t\t\t\t\t\t\n\t\t\t\t\t\t\t<span>\n\t\t\t\t\t\t\t\t514 384-1830\n\t\t\t\t\t\t\t<\/span>\n\n\t\t\t\t\t\t\t\t\t\t\t\t\t<\/a>\n\t\t\t\t\t\t\t\t\t\t\t\t<\/div>\n\t\t<\/div>\n\t<\/div>\n\n\n<div class=\"item wysiwyg component-heading\"  ><div class=\"container\">\n<h2 class=\"wp-block-heading is-style-h4\"><strong>Media inquiries<\/strong><\/h2>\n<\/div><\/div>\n\n<div class=\"item wysiwyg component-paragraph\"  ><div class=\"container\">\n<p>All media requests should be sent to <a href=\"mailto:communications@cgtsim.qc.ca\">communications@cgtsim.qc.ca<\/a>.<\/p>\n<\/div><\/div>\n\n<div class=\"item wysiwyg component-heading\"  ><div class=\"container\">\n<h2 class=\"wp-block-heading is-style-h4\"><strong>Help us serve you better<\/strong><\/h2>\n<\/div><\/div>\n\n<div class=\"item wysiwyg component-paragraph\"  ><div class=\"container\">\n<p>If you have contacted one of our services but your issue has not been resolved to your satisfaction, please reach out by filling out the <a href=\"https:\/\/staging-portail.cgtsim.qc.ca\/en\/message-customer-service\/\">Message Customer Service<\/a> form. Be sure to provide all relevant information, including your name, account number, a clear description of the issue, and any steps you have already taken.<\/p>\n<\/div><\/div>\n\n<div class=\"item wysiwyg component-paragraph\"  ><div class=\"container\">\n<p>We are committed to reviewing your case carefully and responding as soon as possible.<\/p>\n<\/div><\/div>","protected":false},"excerpt":{"rendered":"Our unique expertise in school tax allows us to support you at every step. Whether you have a question, need to report an issue, or require documents, our team is ready to assist you quickly and efficiently. Customer Service Our team is available to answer your questions and provide assistance from Monday to Friday, 8:00 [&hellip;]","protected":false},"author":1,"featured_media":0,"parent":0,"menu_order":0,"comment_status":"closed","ping_status":"closed","template":"","meta":{"_acf_changed":false,"_relevanssi_hide_post":"","_relevanssi_hide_content":"","_relevanssi_pin_for_all":"","_relevanssi_pin_keywords":"","_relevanssi_unpin_keywords":"","_relevanssi_related_keywords":"","_relevanssi_related_include_ids":"","_relevanssi_related_exclude_ids":"","_relevanssi_related_no_append":"","_relevanssi_related_not_related":"","_relevanssi_related_posts":"1","_relevanssi_noindex_reason":"","footnotes":""},"class_list":["post-1188","page","type-page","status-publish","hentry"],"acf":[],"yoast_head":"<!-- This site is optimized with the Yoast SEO plugin v26.6 - https:\/\/yoast.com\/wordpress\/plugins\/seo\/ -->\n<title>Contact us - CGTSIM<\/title>\n<meta name=\"robots\" content=\"index, follow, max-snippet:-1, max-image-preview:large, max-video-preview:-1\" \/>\n<link rel=\"canonical\" href=\"https:\/\/staging-portail.cgtsim.qc.ca\/en\/contact-us\/\" \/>\n<meta property=\"og:locale\" content=\"en_US\" \/>\n<meta property=\"og:type\" content=\"article\" \/>\n<meta property=\"og:title\" content=\"Contact us - CGTSIM\" \/>\n<meta property=\"og:description\" content=\"Our unique expertise in school tax allows us to support you at every step. Whether you have a question, need to report an issue, or require documents, our team is ready to assist you quickly and efficiently. Customer Service Our team is available to answer your questions and provide assistance from Monday to Friday, 8:00 [&hellip;]\" \/>\n<meta property=\"og:url\" content=\"https:\/\/staging-portail.cgtsim.qc.ca\/en\/contact-us\/\" \/>\n<meta property=\"og:site_name\" content=\"CGTSIM\" \/>\n<meta property=\"article:modified_time\" content=\"2026-03-17T19:49:40+00:00\" \/>\n<meta property=\"og:image\" content=\"https:\/\/staging-portail.cgtsim.qc.ca\/wp-content\/uploads\/2026\/01\/Image_OG_1200x675.png\" \/>\n\t<meta property=\"og:image:width\" content=\"1200\" \/>\n\t<meta property=\"og:image:height\" content=\"675\" \/>\n\t<meta property=\"og:image:type\" content=\"image\/png\" \/>\n<meta name=\"twitter:card\" content=\"summary_large_image\" \/>\n<meta name=\"twitter:label1\" content=\"Est. reading time\" \/>\n\t<meta name=\"twitter:data1\" content=\"2 minutes\" \/>\n<script type=\"application\/ld+json\" class=\"yoast-schema-graph\">{\"@context\":\"https:\/\/schema.org\",\"@graph\":[{\"@type\":\"WebPage\",\"@id\":\"https:\/\/staging-portail.cgtsim.qc.ca\/en\/contact-us\/\",\"url\":\"https:\/\/staging-portail.cgtsim.qc.ca\/en\/contact-us\/\",\"name\":\"Contact us - CGTSIM\",\"isPartOf\":{\"@id\":\"https:\/\/staging-portail.cgtsim.qc.ca\/en\/#website\"},\"datePublished\":\"2026-01-07T14:25:13+00:00\",\"dateModified\":\"2026-03-17T19:49:40+00:00\",\"breadcrumb\":{\"@id\":\"https:\/\/staging-portail.cgtsim.qc.ca\/en\/contact-us\/#breadcrumb\"},\"inLanguage\":\"en-US\",\"potentialAction\":[{\"@type\":\"ReadAction\",\"target\":[\"https:\/\/staging-portail.cgtsim.qc.ca\/en\/contact-us\/\"]}]},{\"@type\":\"BreadcrumbList\",\"@id\":\"https:\/\/staging-portail.cgtsim.qc.ca\/en\/contact-us\/#breadcrumb\",\"itemListElement\":[{\"@type\":\"ListItem\",\"position\":1,\"name\":\"Home\",\"item\":\"https:\/\/staging-portail.cgtsim.qc.ca\/en\/\"},{\"@type\":\"ListItem\",\"position\":2,\"name\":\"Contact us\"}]},{\"@type\":\"WebSite\",\"@id\":\"https:\/\/staging-portail.cgtsim.qc.ca\/en\/#website\",\"url\":\"https:\/\/staging-portail.cgtsim.qc.ca\/en\/\",\"name\":\"Comit\u00e9 de gestion de la taxe scolaire de l\u2019\u00eele de Montr\u00e9al\",\"description\":\"\",\"publisher\":{\"@id\":\"https:\/\/staging-portail.cgtsim.qc.ca\/en\/#organization\"},\"alternateName\":\"CGTSIM\",\"potentialAction\":[{\"@type\":\"SearchAction\",\"target\":{\"@type\":\"EntryPoint\",\"urlTemplate\":\"https:\/\/staging-portail.cgtsim.qc.ca\/en\/?s={search_term_string}\"},\"query-input\":{\"@type\":\"PropertyValueSpecification\",\"valueRequired\":true,\"valueName\":\"search_term_string\"}}],\"inLanguage\":\"en-US\"},{\"@type\":\"Organization\",\"@id\":\"https:\/\/staging-portail.cgtsim.qc.ca\/en\/#organization\",\"name\":\"Comit\u00e9 de gestion de la taxe scolaire de l\u2019\u00eele de Montr\u00e9al\",\"alternateName\":\"CGTSIM\",\"url\":\"https:\/\/staging-portail.cgtsim.qc.ca\/en\/\",\"logo\":{\"@type\":\"ImageObject\",\"inLanguage\":\"en-US\",\"@id\":\"https:\/\/staging-portail.cgtsim.qc.ca\/en\/#\/schema\/logo\/image\/\",\"url\":\"https:\/\/staging-portail.cgtsim.qc.ca\/wp-content\/uploads\/2026\/01\/logo.png\",\"contentUrl\":\"https:\/\/staging-portail.cgtsim.qc.ca\/wp-content\/uploads\/2026\/01\/logo.png\",\"width\":512,\"height\":512,\"caption\":\"Comit\u00e9 de gestion de la taxe scolaire de l\u2019\u00eele de Montr\u00e9al\"},\"image\":{\"@id\":\"https:\/\/staging-portail.cgtsim.qc.ca\/en\/#\/schema\/logo\/image\/\"}}]}<\/script>\n<!-- \/ Yoast SEO plugin. -->","yoast_head_json":{"title":"Contact us - CGTSIM","robots":{"index":"index","follow":"follow","max-snippet":"max-snippet:-1","max-image-preview":"max-image-preview:large","max-video-preview":"max-video-preview:-1"},"canonical":"https:\/\/staging-portail.cgtsim.qc.ca\/en\/contact-us\/","og_locale":"en_US","og_type":"article","og_title":"Contact us - CGTSIM","og_description":"Our unique expertise in school tax allows us to support you at every step. Whether you have a question, need to report an issue, or require documents, our team is ready to assist you quickly and efficiently. Customer Service Our team is available to answer your questions and provide assistance from Monday to Friday, 8:00 [&hellip;]","og_url":"https:\/\/staging-portail.cgtsim.qc.ca\/en\/contact-us\/","og_site_name":"CGTSIM","article_modified_time":"2026-03-17T19:49:40+00:00","og_image":[{"width":1200,"height":675,"url":"https:\/\/staging-portail.cgtsim.qc.ca\/wp-content\/uploads\/2026\/01\/Image_OG_1200x675.png","type":"image\/png"}],"twitter_card":"summary_large_image","twitter_misc":{"Est. reading time":"2 minutes"},"schema":{"@context":"https:\/\/schema.org","@graph":[{"@type":"WebPage","@id":"https:\/\/staging-portail.cgtsim.qc.ca\/en\/contact-us\/","url":"https:\/\/staging-portail.cgtsim.qc.ca\/en\/contact-us\/","name":"Contact us - CGTSIM","isPartOf":{"@id":"https:\/\/staging-portail.cgtsim.qc.ca\/en\/#website"},"datePublished":"2026-01-07T14:25:13+00:00","dateModified":"2026-03-17T19:49:40+00:00","breadcrumb":{"@id":"https:\/\/staging-portail.cgtsim.qc.ca\/en\/contact-us\/#breadcrumb"},"inLanguage":"en-US","potentialAction":[{"@type":"ReadAction","target":["https:\/\/staging-portail.cgtsim.qc.ca\/en\/contact-us\/"]}]},{"@type":"BreadcrumbList","@id":"https:\/\/staging-portail.cgtsim.qc.ca\/en\/contact-us\/#breadcrumb","itemListElement":[{"@type":"ListItem","position":1,"name":"Home","item":"https:\/\/staging-portail.cgtsim.qc.ca\/en\/"},{"@type":"ListItem","position":2,"name":"Contact us"}]},{"@type":"WebSite","@id":"https:\/\/staging-portail.cgtsim.qc.ca\/en\/#website","url":"https:\/\/staging-portail.cgtsim.qc.ca\/en\/","name":"Comit\u00e9 de gestion de la taxe scolaire de l\u2019\u00eele de Montr\u00e9al","description":"","publisher":{"@id":"https:\/\/staging-portail.cgtsim.qc.ca\/en\/#organization"},"alternateName":"CGTSIM","potentialAction":[{"@type":"SearchAction","target":{"@type":"EntryPoint","urlTemplate":"https:\/\/staging-portail.cgtsim.qc.ca\/en\/?s={search_term_string}"},"query-input":{"@type":"PropertyValueSpecification","valueRequired":true,"valueName":"search_term_string"}}],"inLanguage":"en-US"},{"@type":"Organization","@id":"https:\/\/staging-portail.cgtsim.qc.ca\/en\/#organization","name":"Comit\u00e9 de gestion de la taxe scolaire de l\u2019\u00eele de Montr\u00e9al","alternateName":"CGTSIM","url":"https:\/\/staging-portail.cgtsim.qc.ca\/en\/","logo":{"@type":"ImageObject","inLanguage":"en-US","@id":"https:\/\/staging-portail.cgtsim.qc.ca\/en\/#\/schema\/logo\/image\/","url":"https:\/\/staging-portail.cgtsim.qc.ca\/wp-content\/uploads\/2026\/01\/logo.png","contentUrl":"https:\/\/staging-portail.cgtsim.qc.ca\/wp-content\/uploads\/2026\/01\/logo.png","width":512,"height":512,"caption":"Comit\u00e9 de gestion de la taxe scolaire de l\u2019\u00eele de Montr\u00e9al"},"image":{"@id":"https:\/\/staging-portail.cgtsim.qc.ca\/en\/#\/schema\/logo\/image\/"}}]}},"_links":{"self":[{"href":"https:\/\/staging-portail.cgtsim.qc.ca\/en\/wp-json\/wp\/v2\/pages\/1188","targetHints":{"allow":["GET"]}}],"collection":[{"href":"https:\/\/staging-portail.cgtsim.qc.ca\/en\/wp-json\/wp\/v2\/pages"}],"about":[{"href":"https:\/\/staging-portail.cgtsim.qc.ca\/en\/wp-json\/wp\/v2\/types\/page"}],"author":[{"embeddable":true,"href":"https:\/\/staging-portail.cgtsim.qc.ca\/en\/wp-json\/wp\/v2\/users\/1"}],"replies":[{"embeddable":true,"href":"https:\/\/staging-portail.cgtsim.qc.ca\/en\/wp-json\/wp\/v2\/comments?post=1188"}],"version-history":[{"count":2,"href":"https:\/\/staging-portail.cgtsim.qc.ca\/en\/wp-json\/wp\/v2\/pages\/1188\/revisions"}],"predecessor-version":[{"id":1621,"href":"https:\/\/staging-portail.cgtsim.qc.ca\/en\/wp-json\/wp\/v2\/pages\/1188\/revisions\/1621"}],"wp:attachment":[{"href":"https:\/\/staging-portail.cgtsim.qc.ca\/en\/wp-json\/wp\/v2\/media?parent=1188"}],"curies":[{"name":"wp","href":"https:\/\/api.w.org\/{rel}","templated":true}]}}