{"id":1241,"date":"2026-01-07T09:16:05","date_gmt":"2026-01-07T14:16:05","guid":{"rendered":"https:\/\/staging-portail.cgtsim.qc.ca\/documentation\/"},"modified":"2026-04-16T08:58:10","modified_gmt":"2026-04-16T12:58:10","slug":"documentation","status":"publish","type":"page","link":"https:\/\/staging-portail.cgtsim.qc.ca\/en\/documentation\/","title":{"rendered":"Documentation"},"content":{"rendered":"<div class=\"item wysiwyg component-paragraph\"  ><div class=\"container\">\n<p>CGTSIM shares its main publications and policies with partners and the public.<\/p>\n<\/div><\/div>\n\n<div class=\"item wysiwyg component-paragraph\"  ><div class=\"container\">\n<p>Documents are available in digital format and are updated in accordance with evolving legislative and operational frameworks.<\/p>\n<\/div><\/div>\n\n<div class=\"item wysiwyg component-paragraph\"  ><div class=\"container\">\n<p>Please refer to the <a href=\"https:\/\/staging-portail.cgtsim.qc.ca\/en\/access-to-information\/\">Access to information<\/a> section for details on how to submit a request for an administrative document.<\/p>\n<\/div><\/div>\n\n<div class=\"item wysiwyg component-heading\"  ><div class=\"container\">\n<h2 class=\"wp-block-heading is-style-h4\"><strong>CGTSIM Publications<\/strong><\/h2>\n<\/div><\/div>\n\n\t<div class=\"item component-block-cards-list\" >\n\t\t<div class=\"block-cards-list__wrapper\">\n\t\t\t<div class=\"block-cards-list\">\n\t\t\t\t\n\t\t\t\t<div class=\"block-cards-list__cards-grid\">\n\t\t\t\t\t\t\t\t\t\t\t<div class=\"block-cards-list__card\">\n\t\t\t\t\t\t\t\t\t\t\t\t\t\t\t<a href=\"https:\/\/staging-portail.cgtsim.qc.ca\/wp-content\/uploads\/2026\/03\/Annual-report-2024-2025.pdf\">\n\t\t\t\t\t\t\t\t\t<h4>2024-2025 Annual Report<\/h4>\n\t\t\t\t\t\t\t\t\t\t\t\t\t\t\t\t\t\t<div class=\"block-cards-list__card-icon__wrapper\">\n\t\t\t\t\t\t\t\t\t\t<div>\n\t\t\t\t\t\t\t\t\t\t\t<svg width=\"19\" height=\"18\" aria-hidden=\"true\">\n\t\t\t\t\t\t\t\t\t\t\t\t<use xlink:href=\"#ico-download-no-color\"\/>\n\t\t\t\t\t\t\t\t\t\t\t<\/svg>\n\t\t\t\t\t\t\t\t\t\t<\/div>\n\t\t\t\t\t\t\t\t\t<\/div>\n\t\t\t\t\t\t\t\t<\/a>\n\t\t\t\t\t\t\t\t\t\t\t\t\t<\/div>\n\t\t\t\t\t\t\t\t\t\t\t<div class=\"block-cards-list__card\">\n\t\t\t\t\t\t\t\t\t\t\t\t\t\t\t<a href=\"https:\/\/staging-portail.cgtsim.qc.ca\/wp-content\/uploads\/2026\/03\/Map-of-school-success-and-social-deprivation-map-on-the-Island-of-Montreal.pdf\">\n\t\t\t\t\t\t\t\t\t<h4>Map of school success and social deprivation map on the Island of Montr\u00e9al<\/h4>\n\t\t\t\t\t\t\t\t\t\t\t\t\t\t\t\t\t\t<div class=\"block-cards-list__card-icon__wrapper\">\n\t\t\t\t\t\t\t\t\t\t<div>\n\t\t\t\t\t\t\t\t\t\t\t<svg width=\"19\" height=\"18\" aria-hidden=\"true\">\n\t\t\t\t\t\t\t\t\t\t\t\t<use xlink:href=\"#ico-download-no-color\"\/>\n\t\t\t\t\t\t\t\t\t\t\t<\/svg>\n\t\t\t\t\t\t\t\t\t\t<\/div>\n\t\t\t\t\t\t\t\t\t<\/div>\n\t\t\t\t\t\t\t\t<\/a>\n\t\t\t\t\t\t\t\t\t\t\t\t\t<\/div>\n\t\t\t\t\t\t\t\t\t\t\t<div class=\"block-cards-list__card\">\n\t\t\t\t\t\t\t\t\t\t\t\t\t\t\t<a href=\"https:\/\/staging-portail.cgtsim.qc.ca\/wp-content\/uploads\/2026\/03\/Guide-to-the-map-of-school-success-and-social-deprivation-on-the-Island-of-Montreal.pdf\">\n\t\t\t\t\t\t\t\t\t<h4>Guide to the map of school success and social deprivation on the Island of Montr\u00e9al<\/h4>\n\t\t\t\t\t\t\t\t\t\t\t\t\t\t\t\t\t\t<div class=\"block-cards-list__card-icon__wrapper\">\n\t\t\t\t\t\t\t\t\t\t<div>\n\t\t\t\t\t\t\t\t\t\t\t<svg width=\"19\" height=\"18\" aria-hidden=\"true\">\n\t\t\t\t\t\t\t\t\t\t\t\t<use xlink:href=\"#ico-download-no-color\"\/>\n\t\t\t\t\t\t\t\t\t\t\t<\/svg>\n\t\t\t\t\t\t\t\t\t\t<\/div>\n\t\t\t\t\t\t\t\t\t<\/div>\n\t\t\t\t\t\t\t\t<\/a>\n\t\t\t\t\t\t\t\t\t\t\t\t\t<\/div>\n\t\t\t\t\t\t\t\t\t<\/div>\n\t\t\t<\/div>\n\t\t<\/div>\n\t<\/div>\n\n\n<div class=\"item wysiwyg component-heading\"  ><div class=\"container\">\n<h2 class=\"wp-block-heading is-style-h4\"><strong>CGTSIM Policies<\/strong><\/h2>\n<\/div><\/div>\n\n<div class=\"item wysiwyg component-paragraph\"  ><div class=\"container\">\n<p>Available in French only.<\/p>\n<\/div><\/div>\n\n\t<div class=\"item component-block-cards-list\" >\n\t\t<div class=\"block-cards-list__wrapper\">\n\t\t\t<div class=\"block-cards-list\">\n\t\t\t\t\n\t\t\t\t<div class=\"block-cards-list__cards-grid\">\n\t\t\t\t\t\t\t\t\t\t\t<div class=\"block-cards-list__card\">\n\t\t\t\t\t\t\t\t\t\t\t\t\t\t\t<a href=\"https:\/\/staging-portail.cgtsim.qc.ca\/wp-content\/uploads\/2026\/03\/Code-dethique-et-de-deontologie-des-membres-du-CGTSIM.pdf\">\n\t\t\t\t\t\t\t\t\t<h4>Code d\u2019\u00e9thique et de d\u00e9ontologie des membres du CGTSIM<\/h4>\n\t\t\t\t\t\t\t\t\t\t\t\t\t\t\t\t\t\t<div class=\"block-cards-list__card-icon__wrapper\">\n\t\t\t\t\t\t\t\t\t\t<div>\n\t\t\t\t\t\t\t\t\t\t\t<svg width=\"19\" height=\"18\" aria-hidden=\"true\">\n\t\t\t\t\t\t\t\t\t\t\t\t<use xlink:href=\"#ico-download-no-color\"\/>\n\t\t\t\t\t\t\t\t\t\t\t<\/svg>\n\t\t\t\t\t\t\t\t\t\t<\/div>\n\t\t\t\t\t\t\t\t\t<\/div>\n\t\t\t\t\t\t\t\t<\/a>\n\t\t\t\t\t\t\t\t\t\t\t\t\t<\/div>\n\t\t\t\t\t\t\t\t\t\t\t<div class=\"block-cards-list__card\">\n\t\t\t\t\t\t\t\t\t\t\t\t\t\t\t<a href=\"https:\/\/staging-portail.cgtsim.qc.ca\/wp-content\/uploads\/2026\/03\/Code-dethique-et-de-deontologie-des-employes-du-CGTSIM.pdf\">\n\t\t\t\t\t\t\t\t\t<h4>Code d&#8217;\u00e9thique et de d\u00e9ontologie des employ\u00e9s du CGTSIM<\/h4>\n\t\t\t\t\t\t\t\t\t\t\t\t\t\t\t\t\t\t<div class=\"block-cards-list__card-icon__wrapper\">\n\t\t\t\t\t\t\t\t\t\t<div>\n\t\t\t\t\t\t\t\t\t\t\t<svg width=\"19\" height=\"18\" aria-hidden=\"true\">\n\t\t\t\t\t\t\t\t\t\t\t\t<use xlink:href=\"#ico-download-no-color\"\/>\n\t\t\t\t\t\t\t\t\t\t\t<\/svg>\n\t\t\t\t\t\t\t\t\t\t<\/div>\n\t\t\t\t\t\t\t\t\t<\/div>\n\t\t\t\t\t\t\t\t<\/a>\n\t\t\t\t\t\t\t\t\t\t\t\t\t<\/div>\n\t\t\t\t\t\t\t\t\t\t\t<div class=\"block-cards-list__card\">\n\t\t\t\t\t\t\t\t\t\t\t\t\t\t\t<a href=\"https:\/\/staging-portail.cgtsim.qc.ca\/wp-content\/uploads\/2026\/03\/Politique-contre-le-harcelement-et-la-violence-en-milieu-de-travail.pdf\">\n\t\t\t\t\t\t\t\t\t<h4>Politique contre le harc\u00e8lement et la violence en milieu de travail<\/h4>\n\t\t\t\t\t\t\t\t\t\t\t\t\t\t\t\t\t\t<div class=\"block-cards-list__card-icon__wrapper\">\n\t\t\t\t\t\t\t\t\t\t<div>\n\t\t\t\t\t\t\t\t\t\t\t<svg width=\"19\" height=\"18\" aria-hidden=\"true\">\n\t\t\t\t\t\t\t\t\t\t\t\t<use xlink:href=\"#ico-download-no-color\"\/>\n\t\t\t\t\t\t\t\t\t\t\t<\/svg>\n\t\t\t\t\t\t\t\t\t\t<\/div>\n\t\t\t\t\t\t\t\t\t<\/div>\n\t\t\t\t\t\t\t\t<\/a>\n\t\t\t\t\t\t\t\t\t\t\t\t\t<\/div>\n\t\t\t\t\t\t\t\t\t\t\t<div class=\"block-cards-list__card\">\n\t\t\t\t\t\t\t\t\t\t\t\t\t\t\t<a href=\"https:\/\/staging-portail.cgtsim.qc.ca\/wp-content\/uploads\/2026\/03\/Politique-sur-la-protection-des-renseignements-personnels.pdf\">\n\t\t\t\t\t\t\t\t\t<h4>Politique sur la protection des renseignements personnels<\/h4>\n\t\t\t\t\t\t\t\t\t\t\t\t\t\t\t\t\t\t<div class=\"block-cards-list__card-icon__wrapper\">\n\t\t\t\t\t\t\t\t\t\t<div>\n\t\t\t\t\t\t\t\t\t\t\t<svg width=\"19\" height=\"18\" aria-hidden=\"true\">\n\t\t\t\t\t\t\t\t\t\t\t\t<use xlink:href=\"#ico-download-no-color\"\/>\n\t\t\t\t\t\t\t\t\t\t\t<\/svg>\n\t\t\t\t\t\t\t\t\t\t<\/div>\n\t\t\t\t\t\t\t\t\t<\/div>\n\t\t\t\t\t\t\t\t<\/a>\n\t\t\t\t\t\t\t\t\t\t\t\t\t<\/div>\n\t\t\t\t\t\t\t\t\t\t\t<div class=\"block-cards-list__card\">\n\t\t\t\t\t\t\t\t\t\t\t\t\t\t\t<a href=\"https:\/\/staging-portail.cgtsim.qc.ca\/wp-content\/uploads\/2026\/03\/Politique-sur-la-securite-de-linformation.pdf\">\n\t\t\t\t\t\t\t\t\t<h4>Politique sur la s\u00e9curit\u00e9 de l\u2019information<\/h4>\n\t\t\t\t\t\t\t\t\t\t\t\t\t\t\t\t\t\t<div class=\"block-cards-list__card-icon__wrapper\">\n\t\t\t\t\t\t\t\t\t\t<div>\n\t\t\t\t\t\t\t\t\t\t\t<svg width=\"19\" height=\"18\" aria-hidden=\"true\">\n\t\t\t\t\t\t\t\t\t\t\t\t<use xlink:href=\"#ico-download-no-color\"\/>\n\t\t\t\t\t\t\t\t\t\t\t<\/svg>\n\t\t\t\t\t\t\t\t\t\t<\/div>\n\t\t\t\t\t\t\t\t\t<\/div>\n\t\t\t\t\t\t\t\t<\/a>\n\t\t\t\t\t\t\t\t\t\t\t\t\t<\/div>\n\t\t\t\t\t\t\t\t\t<\/div>\n\t\t\t<\/div>\n\t\t<\/div>\n\t<\/div>\n","protected":false},"excerpt":{"rendered":"CGTSIM shares its main publications and policies with partners and the public. Documents are available in digital format and are updated in accordance with evolving legislative and operational frameworks. Please refer to the Access to information section for details on how to submit a request for an administrative document. CGTSIM Publications CGTSIM Policies Available in [&hellip;]","protected":false},"author":1,"featured_media":0,"parent":0,"menu_order":0,"comment_status":"closed","ping_status":"closed","template":"","meta":{"_acf_changed":false,"_relevanssi_hide_post":"","_relevanssi_hide_content":"","_relevanssi_pin_for_all":"","_relevanssi_pin_keywords":"","_relevanssi_unpin_keywords":"","_relevanssi_related_keywords":"","_relevanssi_related_include_ids":"","_relevanssi_related_exclude_ids":"","_relevanssi_related_no_append":"","_relevanssi_related_not_related":"","_relevanssi_related_posts":"1","_relevanssi_noindex_reason":"","footnotes":""},"class_list":["post-1241","page","type-page","status-publish","hentry"],"acf":[],"yoast_head":"<!-- This site is optimized with the Yoast SEO plugin v26.6 - https:\/\/yoast.com\/wordpress\/plugins\/seo\/ -->\n<title>Documentation - CGTSIM<\/title>\n<meta name=\"robots\" content=\"index, follow, max-snippet:-1, max-image-preview:large, max-video-preview:-1\" \/>\n<link rel=\"canonical\" href=\"https:\/\/staging-portail.cgtsim.qc.ca\/en\/documentation\/\" \/>\n<meta property=\"og:locale\" content=\"en_US\" \/>\n<meta property=\"og:type\" content=\"article\" \/>\n<meta property=\"og:title\" content=\"Documentation - CGTSIM\" \/>\n<meta property=\"og:description\" content=\"CGTSIM shares its main publications and policies with partners and the public. Documents are available in digital format and are updated in accordance with evolving legislative and operational frameworks. Please refer to the Access to information section for details on how to submit a request for an administrative document. CGTSIM Publications CGTSIM Policies Available in [&hellip;]\" \/>\n<meta property=\"og:url\" content=\"https:\/\/staging-portail.cgtsim.qc.ca\/en\/documentation\/\" \/>\n<meta property=\"og:site_name\" content=\"CGTSIM\" \/>\n<meta property=\"article:modified_time\" content=\"2026-04-16T12:58:10+00:00\" \/>\n<meta property=\"og:image\" content=\"https:\/\/staging-portail.cgtsim.qc.ca\/wp-content\/uploads\/2026\/01\/Image_OG_1200x675.png\" \/>\n\t<meta property=\"og:image:width\" content=\"1200\" \/>\n\t<meta property=\"og:image:height\" content=\"675\" \/>\n\t<meta property=\"og:image:type\" content=\"image\/png\" \/>\n<meta name=\"twitter:card\" content=\"summary_large_image\" \/>\n<meta name=\"twitter:label1\" content=\"Est. reading time\" \/>\n\t<meta name=\"twitter:data1\" content=\"1 minute\" \/>\n<script type=\"application\/ld+json\" class=\"yoast-schema-graph\">{\"@context\":\"https:\/\/schema.org\",\"@graph\":[{\"@type\":\"WebPage\",\"@id\":\"https:\/\/staging-portail.cgtsim.qc.ca\/en\/documentation\/\",\"url\":\"https:\/\/staging-portail.cgtsim.qc.ca\/en\/documentation\/\",\"name\":\"Documentation - CGTSIM\",\"isPartOf\":{\"@id\":\"https:\/\/staging-portail.cgtsim.qc.ca\/en\/#website\"},\"datePublished\":\"2026-01-07T14:16:05+00:00\",\"dateModified\":\"2026-04-16T12:58:10+00:00\",\"breadcrumb\":{\"@id\":\"https:\/\/staging-portail.cgtsim.qc.ca\/en\/documentation\/#breadcrumb\"},\"inLanguage\":\"en-US\",\"potentialAction\":[{\"@type\":\"ReadAction\",\"target\":[\"https:\/\/staging-portail.cgtsim.qc.ca\/en\/documentation\/\"]}]},{\"@type\":\"BreadcrumbList\",\"@id\":\"https:\/\/staging-portail.cgtsim.qc.ca\/en\/documentation\/#breadcrumb\",\"itemListElement\":[{\"@type\":\"ListItem\",\"position\":1,\"name\":\"Home\",\"item\":\"https:\/\/staging-portail.cgtsim.qc.ca\/en\/\"},{\"@type\":\"ListItem\",\"position\":2,\"name\":\"Documentation\"}]},{\"@type\":\"WebSite\",\"@id\":\"https:\/\/staging-portail.cgtsim.qc.ca\/en\/#website\",\"url\":\"https:\/\/staging-portail.cgtsim.qc.ca\/en\/\",\"name\":\"Comit\u00e9 de gestion de la taxe scolaire de l\u2019\u00eele de Montr\u00e9al\",\"description\":\"\",\"publisher\":{\"@id\":\"https:\/\/staging-portail.cgtsim.qc.ca\/en\/#organization\"},\"alternateName\":\"CGTSIM\",\"potentialAction\":[{\"@type\":\"SearchAction\",\"target\":{\"@type\":\"EntryPoint\",\"urlTemplate\":\"https:\/\/staging-portail.cgtsim.qc.ca\/en\/?s={search_term_string}\"},\"query-input\":{\"@type\":\"PropertyValueSpecification\",\"valueRequired\":true,\"valueName\":\"search_term_string\"}}],\"inLanguage\":\"en-US\"},{\"@type\":\"Organization\",\"@id\":\"https:\/\/staging-portail.cgtsim.qc.ca\/en\/#organization\",\"name\":\"Comit\u00e9 de gestion de la taxe scolaire de l\u2019\u00eele de Montr\u00e9al\",\"alternateName\":\"CGTSIM\",\"url\":\"https:\/\/staging-portail.cgtsim.qc.ca\/en\/\",\"logo\":{\"@type\":\"ImageObject\",\"inLanguage\":\"en-US\",\"@id\":\"https:\/\/staging-portail.cgtsim.qc.ca\/en\/#\/schema\/logo\/image\/\",\"url\":\"https:\/\/staging-portail.cgtsim.qc.ca\/wp-content\/uploads\/2026\/01\/logo.png\",\"contentUrl\":\"https:\/\/staging-portail.cgtsim.qc.ca\/wp-content\/uploads\/2026\/01\/logo.png\",\"width\":512,\"height\":512,\"caption\":\"Comit\u00e9 de gestion de la taxe scolaire de l\u2019\u00eele de Montr\u00e9al\"},\"image\":{\"@id\":\"https:\/\/staging-portail.cgtsim.qc.ca\/en\/#\/schema\/logo\/image\/\"}}]}<\/script>\n<!-- \/ Yoast SEO plugin. -->","yoast_head_json":{"title":"Documentation - CGTSIM","robots":{"index":"index","follow":"follow","max-snippet":"max-snippet:-1","max-image-preview":"max-image-preview:large","max-video-preview":"max-video-preview:-1"},"canonical":"https:\/\/staging-portail.cgtsim.qc.ca\/en\/documentation\/","og_locale":"en_US","og_type":"article","og_title":"Documentation - CGTSIM","og_description":"CGTSIM shares its main publications and policies with partners and the public. Documents are available in digital format and are updated in accordance with evolving legislative and operational frameworks. Please refer to the Access to information section for details on how to submit a request for an administrative document. CGTSIM Publications CGTSIM Policies Available in [&hellip;]","og_url":"https:\/\/staging-portail.cgtsim.qc.ca\/en\/documentation\/","og_site_name":"CGTSIM","article_modified_time":"2026-04-16T12:58:10+00:00","og_image":[{"width":1200,"height":675,"url":"https:\/\/staging-portail.cgtsim.qc.ca\/wp-content\/uploads\/2026\/01\/Image_OG_1200x675.png","type":"image\/png"}],"twitter_card":"summary_large_image","twitter_misc":{"Est. reading time":"1 minute"},"schema":{"@context":"https:\/\/schema.org","@graph":[{"@type":"WebPage","@id":"https:\/\/staging-portail.cgtsim.qc.ca\/en\/documentation\/","url":"https:\/\/staging-portail.cgtsim.qc.ca\/en\/documentation\/","name":"Documentation - CGTSIM","isPartOf":{"@id":"https:\/\/staging-portail.cgtsim.qc.ca\/en\/#website"},"datePublished":"2026-01-07T14:16:05+00:00","dateModified":"2026-04-16T12:58:10+00:00","breadcrumb":{"@id":"https:\/\/staging-portail.cgtsim.qc.ca\/en\/documentation\/#breadcrumb"},"inLanguage":"en-US","potentialAction":[{"@type":"ReadAction","target":["https:\/\/staging-portail.cgtsim.qc.ca\/en\/documentation\/"]}]},{"@type":"BreadcrumbList","@id":"https:\/\/staging-portail.cgtsim.qc.ca\/en\/documentation\/#breadcrumb","itemListElement":[{"@type":"ListItem","position":1,"name":"Home","item":"https:\/\/staging-portail.cgtsim.qc.ca\/en\/"},{"@type":"ListItem","position":2,"name":"Documentation"}]},{"@type":"WebSite","@id":"https:\/\/staging-portail.cgtsim.qc.ca\/en\/#website","url":"https:\/\/staging-portail.cgtsim.qc.ca\/en\/","name":"Comit\u00e9 de gestion de la taxe scolaire de l\u2019\u00eele de Montr\u00e9al","description":"","publisher":{"@id":"https:\/\/staging-portail.cgtsim.qc.ca\/en\/#organization"},"alternateName":"CGTSIM","potentialAction":[{"@type":"SearchAction","target":{"@type":"EntryPoint","urlTemplate":"https:\/\/staging-portail.cgtsim.qc.ca\/en\/?s={search_term_string}"},"query-input":{"@type":"PropertyValueSpecification","valueRequired":true,"valueName":"search_term_string"}}],"inLanguage":"en-US"},{"@type":"Organization","@id":"https:\/\/staging-portail.cgtsim.qc.ca\/en\/#organization","name":"Comit\u00e9 de gestion de la taxe scolaire de l\u2019\u00eele de Montr\u00e9al","alternateName":"CGTSIM","url":"https:\/\/staging-portail.cgtsim.qc.ca\/en\/","logo":{"@type":"ImageObject","inLanguage":"en-US","@id":"https:\/\/staging-portail.cgtsim.qc.ca\/en\/#\/schema\/logo\/image\/","url":"https:\/\/staging-portail.cgtsim.qc.ca\/wp-content\/uploads\/2026\/01\/logo.png","contentUrl":"https:\/\/staging-portail.cgtsim.qc.ca\/wp-content\/uploads\/2026\/01\/logo.png","width":512,"height":512,"caption":"Comit\u00e9 de gestion de la taxe scolaire de l\u2019\u00eele de Montr\u00e9al"},"image":{"@id":"https:\/\/staging-portail.cgtsim.qc.ca\/en\/#\/schema\/logo\/image\/"}}]}},"_links":{"self":[{"href":"https:\/\/staging-portail.cgtsim.qc.ca\/en\/wp-json\/wp\/v2\/pages\/1241","targetHints":{"allow":["GET"]}}],"collection":[{"href":"https:\/\/staging-portail.cgtsim.qc.ca\/en\/wp-json\/wp\/v2\/pages"}],"about":[{"href":"https:\/\/staging-portail.cgtsim.qc.ca\/en\/wp-json\/wp\/v2\/types\/page"}],"author":[{"embeddable":true,"href":"https:\/\/staging-portail.cgtsim.qc.ca\/en\/wp-json\/wp\/v2\/users\/1"}],"replies":[{"embeddable":true,"href":"https:\/\/staging-portail.cgtsim.qc.ca\/en\/wp-json\/wp\/v2\/comments?post=1241"}],"version-history":[{"count":6,"href":"https:\/\/staging-portail.cgtsim.qc.ca\/en\/wp-json\/wp\/v2\/pages\/1241\/revisions"}],"predecessor-version":[{"id":1996,"href":"https:\/\/staging-portail.cgtsim.qc.ca\/en\/wp-json\/wp\/v2\/pages\/1241\/revisions\/1996"}],"wp:attachment":[{"href":"https:\/\/staging-portail.cgtsim.qc.ca\/en\/wp-json\/wp\/v2\/media?parent=1241"}],"curies":[{"name":"wp","href":"https:\/\/api.w.org\/{rel}","templated":true}]}}